{"id":208,"date":"2014-05-20T09:08:39","date_gmt":"2014-05-20T08:08:39","guid":{"rendered":"http:\/\/ms-beatrice.de\/?page_id=208"},"modified":"2014-06-14T07:44:28","modified_gmt":"2014-06-14T06:44:28","slug":"biscaya-bis-spanien","status":"publish","type":"page","link":"http:\/\/ms-beatrice.de\/?page_id=208","title":{"rendered":"3 Biscaya bis Spanien"},"content":{"rendered":"<p>21. Mai 2014<\/p>\n<p>So, jetzt haben wir den \u00c4rmelkanal (warum hei\u00dft der so?) verlassen und den Atlantik und den Golf von Biscaya betreten\/befahren. Heute sind wir nach Camaret sur Mer in der Bucht von Brest gesegelt. Es war einmal wieder eine abenteuerliche Tour mit hohen Wellen und viel Wind. Unterwegs haben wir teilweise den Motor mitlaufen lassen, bis die Motortemperatur \u00fcber 120 Grad anstieg und das Wasser im 2. K\u00fchlkreislauf kochte. Motor aus und Fehlersuche. Die K\u00fchlwasserpumpe arbeitete nicht. Bei hohem Wellengang und extrem bewegtem Schiff musste die Pumpe auseinandergenommen werden. Der Impeller darin war total zerfetzt.<a href=\"http:\/\/ms-beatrice.de\/wp-content\/uploads\/2014\/05\/20140522_163121-1.jpg\"><img loading=\"lazy\" class=\"alignnone size-large wp-image-223\" alt=\"20140522_163121-1\" src=\"http:\/\/ms-beatrice.de\/wp-content\/uploads\/2014\/05\/20140522_163121-1-1024x576.jpg\" width=\"474\" height=\"266\" srcset=\"http:\/\/ms-beatrice.de\/wp-content\/uploads\/2014\/05\/20140522_163121-1-1024x576.jpg 1024w, http:\/\/ms-beatrice.de\/wp-content\/uploads\/2014\/05\/20140522_163121-1-300x168.jpg 300w\" sizes=\"(max-width: 474px) 100vw, 474px\" \/><\/a><\/p>\n<p>Neuen Impeller eingebaut (zum Gl\u00fcck als Ersatzteil im Winter angeschafft), neu gestartet und &#8211; l\u00e4uft.<\/p>\n<p>Vor Einbruch der Dunkelheit bei str\u00f6mendem Regen in Camaret festgemacht, Essen gekocht und jetzt Ruhe.<\/p>\n<p>22. Mai 2014<\/p>\n<p>Der Regen h\u00f6rt nicht auf und die Wetterkarte zeigt, dass wir genau in der Mitte eines Tiefs liegen mit 995 mB. Es gibt aber die Hoffnung, dass wir es zum Wochenende wagen k\u00f6nnten, den gro\u00dfen Sprung \u00fcber die Biscaya anzugehen. Nicht nur das Wetter sieht traurig aus, auch die Wracks auf dem Schiffsfriedhof in Camaret.<\/p>\n<p><a href=\"http:\/\/ms-beatrice.de\/wp-content\/uploads\/2014\/05\/20140522_135854-1.jpg\"><img loading=\"lazy\" class=\"alignnone size-large wp-image-224\" alt=\"20140522_135854-1\" src=\"http:\/\/ms-beatrice.de\/wp-content\/uploads\/2014\/05\/20140522_135854-1-1024x576.jpg\" width=\"474\" height=\"266\" srcset=\"http:\/\/ms-beatrice.de\/wp-content\/uploads\/2014\/05\/20140522_135854-1-1024x576.jpg 1024w, http:\/\/ms-beatrice.de\/wp-content\/uploads\/2014\/05\/20140522_135854-1-300x168.jpg 300w\" sizes=\"(max-width: 474px) 100vw, 474px\" \/><\/a><\/p>\n<p>23. Mai 2014<\/p>\n<p>Das Wetter ist schrecklich und so wollten wir mit dem Bus nach Brest fahren. Aber ausgerechnet am Freitag f\u00e4hrt kein Bus. Es gibt aber auch noch einiges in Camaret zu sehen.<\/p>\n<p><a href=\"http:\/\/ms-beatrice.de\/wp-content\/uploads\/2014\/05\/SAM_0987.jpg\"><img loading=\"lazy\" class=\"alignnone size-large wp-image-230\" alt=\"SAM_0987\" src=\"http:\/\/ms-beatrice.de\/wp-content\/uploads\/2014\/05\/SAM_0987-1024x682.jpg\" width=\"474\" height=\"315\" srcset=\"http:\/\/ms-beatrice.de\/wp-content\/uploads\/2014\/05\/SAM_0987-1024x682.jpg 1024w, http:\/\/ms-beatrice.de\/wp-content\/uploads\/2014\/05\/SAM_0987-300x200.jpg 300w\" sizes=\"(max-width: 474px) 100vw, 474px\" \/><\/a><\/p>\n<p><span style=\"line-height: 1.5;\">24. Mai 2014<\/span><\/p>\n<p>Auch heute war die Biscaya-\u00dcberfahrt nicht m\u00f6glich. So haben wir unseren geplanten Ausflug nach Brest per Bus nachgeholt. Brest hat ungef\u00e4hr den Charm von Hannover, scheint sehr steril, aber das liegt wohl daran, dass die Stadt im Krieg fast vollst\u00e4ndig zerst\u00f6rt wurde.<\/p>\n<p>Das ist eine der gro\u00dfen Erfahrungen in der Normandie und in der Bretagne: Es ist unwahrscheinlich viel im Krieg zerst\u00f6rt worden und die Bev\u00f6lkerung hat wohl sehr schwer gelitten, so dass man sich als Deutscher daf\u00fcr sch\u00e4mt.<\/p>\n<p><a href=\"http:\/\/ms-beatrice.de\/wp-content\/uploads\/2014\/05\/SAM_0988.jpg\"><img loading=\"lazy\" class=\"alignnone size-large wp-image-236\" alt=\"SAM_0988\" src=\"http:\/\/ms-beatrice.de\/wp-content\/uploads\/2014\/05\/SAM_0988-1024x527.jpg\" width=\"474\" height=\"243\" srcset=\"http:\/\/ms-beatrice.de\/wp-content\/uploads\/2014\/05\/SAM_0988-1024x527.jpg 1024w, http:\/\/ms-beatrice.de\/wp-content\/uploads\/2014\/05\/SAM_0988-300x154.jpg 300w\" sizes=\"(max-width: 474px) 100vw, 474px\" \/><\/a>Brest ist eine Marinestadt, das Marinemuseum w\u00e4re sicher einen Besuch wert gewesen, aber die Zeit reichte nicht, weil wir den einzigen Nachmittagsbus erreichen mussten.<\/p>\n<p>25. Mai 2014<\/p>\n<p>Wir starten jetzt zum Sprung \u00fcber die Biscaya. \u00a0Wenn ihr zwischendurch nichts von uns seht und h\u00f6rt, dann ist das normal, denn es gibt unterwegs keine Transponder. Aber am Donnerstag solltet ihr wieder von uns h\u00f6ren.<\/p>\n<p>28. Mai 2014<\/p>\n<p>Buenos dias, wir sind in Spanien. Die \u00dcberfahrt \u00fcber die Biscaya war hart, aber die Wetterplanung hat gestimmt. Wir hatten von der Flaute bis 6 Beaufort alles an Wind, Sonnenschein und Regen. Aber alles zu ertragen, w\u00e0ren da nicht diese Atlantikwellen mit kreuzenden Windseen, die das Schlafen verhinderten, weil man in der Koje st\u00e4ndig das Gef\u00fchl hatte, man liege im Aufzug, der im Sekundentakt seine Richtung \u00e4ndert. Bl\u00f6der Vergleich. Also: man flog gegen die Decke und zur\u00fcck. Um 2 Uhr nachts haben wir nach einer spannenden Einfahrt in stockfinsterer Nach bei leichtem Regen und zwischen Fischerbooten, die kaum kenntlich waren, im Hafen von La Coru\u00f1a festgemacht. Ihr glaubt ja gar nicht, wie es ist, im Blindflug einen Hafen anzusteuern, der unbekannt ist. Unterwegs wurden wir beinahe die ganze Zeit von Delfinen \u00a0begleitet.<a href=\"http:\/\/ms-beatrice.de\/wp-content\/uploads\/2014\/05\/SAM_3788.jpg\"><img loading=\"lazy\" class=\"alignnone size-large wp-image-241\" alt=\"SAM_3788\" src=\"http:\/\/ms-beatrice.de\/wp-content\/uploads\/2014\/05\/SAM_3788-1024x682.jpg\" width=\"474\" height=\"315\" srcset=\"http:\/\/ms-beatrice.de\/wp-content\/uploads\/2014\/05\/SAM_3788-1024x682.jpg 1024w, http:\/\/ms-beatrice.de\/wp-content\/uploads\/2014\/05\/SAM_3788-300x200.jpg 300w\" sizes=\"(max-width: 474px) 100vw, 474px\" \/><\/a><\/p>\n<p><a href=\"http:\/\/youtu.be\/7i6i9qNZOyE\">Delfine begleiten uns<\/a>\u00a0(f\u00fcr Video klicken)<\/p>\n<p>Aber nicht alles war positiv: der n\u00e4chste Impeller ist zerbr\u00f6selt, trotz sofortiger Reaktion ist die Motortemperatur auf 130 Grad gestiegen. Wei\u00dfer Rauch im Auspuff. Das kann eigentlich nur hei\u00dfen, dass die Zylinderkopfdichtung hin ist. Wir haben hier in La Coru\u00f1a einen Mechaniker angefordert, der morgen an Bord kommt. Eine Zylinderkopfdichtung wird nicht so leicht zu bekommen sein, denn ein 6-Zylinder Ford Lehmann ist in Europa ein Exot. Wir werden sehen.<\/p>\n<p>Jetzt muss erst mal der fehlende Schlaf nachgeholt werden. \u00dcbrigens: die Lady im Hafen-Office ist Klasse und hat uns gut unterst\u00fctzt, was unsere Motorprobleme betrifft.<\/p>\n<p>31. Mai 2014<\/p>\n<p>Die Unterst\u00fctzung der Hafen-Lady hat nicht gereicht, es hat nichts geklappt, die versprochene Unterst\u00fctzung durch die Seca Marina gab es nicht, 2 weitere Tage sind verstrichen und es gibt hier keinen Mechaniker, der an den Ford Lehmann heran will &#8211; Ersatzteile sind sowieso nicht zu bekommen. Entsprechend pure Verzweiflung beim Kaptain.<\/p>\n<p>Jetzt haben wir aber einfach angefangen, selbst die Zylinderkopfdichtung zu wechseln. Weder leicht noch einfach bei den vielen Marinisierungsteilen, Wasser- und Dieselleitungen. <a href=\"http:\/\/ms-beatrice.de\/wp-content\/uploads\/2014\/05\/2014-05-31-13.23.16.jpg\"><img loading=\"lazy\" class=\"alignnone size-large wp-image-253\" alt=\"2014-05-31 13.23.16\" src=\"http:\/\/ms-beatrice.de\/wp-content\/uploads\/2014\/05\/2014-05-31-13.23.16-1024x576.jpg\" width=\"474\" height=\"266\" srcset=\"http:\/\/ms-beatrice.de\/wp-content\/uploads\/2014\/05\/2014-05-31-13.23.16-1024x576.jpg 1024w, http:\/\/ms-beatrice.de\/wp-content\/uploads\/2014\/05\/2014-05-31-13.23.16-300x168.jpg 300w\" sizes=\"(max-width: 474px) 100vw, 474px\" \/><\/a> Das Auseinanderbauen des Motors ist gelungen, nur eine Schraube zum Auspuffkr\u00fcmmer ist abgerissen, aber das wurde durch Ausbohren und Herstellen eines neuen Schaubengewindes wieder in Ordnung gebracht.<a href=\"http:\/\/ms-beatrice.de\/wp-content\/uploads\/2014\/05\/2014-05-31-15.03.23.jpg\"><img loading=\"lazy\" class=\"alignnone size-large wp-image-247\" alt=\"2014-05-31 15.03.23\" src=\"http:\/\/ms-beatrice.de\/wp-content\/uploads\/2014\/05\/2014-05-31-15.03.23-1024x576.jpg\" width=\"474\" height=\"266\" srcset=\"http:\/\/ms-beatrice.de\/wp-content\/uploads\/2014\/05\/2014-05-31-15.03.23-1024x576.jpg 1024w, http:\/\/ms-beatrice.de\/wp-content\/uploads\/2014\/05\/2014-05-31-15.03.23-300x168.jpg 300w\" sizes=\"(max-width: 474px) 100vw, 474px\" \/><\/a><\/p>\n<p>Jetzt ist klar, dass keine Ventile besch\u00e4digt sind. Am Montag werden wir eine neue Zylinderkopfdichtung in Deutschland bestellen. Dann fehlt uns noch ein Drehmomentschl\u00fcssel, der hier in keinem Werkzeugladen zu bekommen war. Aber irgendwie werden wir auch daran kommen.<\/p>\n<p>Weil ja so kurz hintereinander 2 Impeller zerst\u00f6rt waren, m\u00fcssen wir hier nach der Ursache suchen und die Wasserk\u00fchlung und ihren Weg \u00fcber den W\u00e4rmetauscher kontrollieren.<\/p>\n<p>A Coru\u00f1a ist aber eine sehr sch\u00f6ne Stadt, die uns ja noch ein paar Tage sehen wird.<a href=\"http:\/\/ms-beatrice.de\/wp-content\/uploads\/2014\/05\/2014-05-29-22.19.08.jpg\"><img loading=\"lazy\" class=\"alignnone size-large wp-image-255\" alt=\"2014-05-29 22.19.08\" src=\"http:\/\/ms-beatrice.de\/wp-content\/uploads\/2014\/05\/2014-05-29-22.19.08-1024x576.jpg\" width=\"474\" height=\"266\" srcset=\"http:\/\/ms-beatrice.de\/wp-content\/uploads\/2014\/05\/2014-05-29-22.19.08-1024x576.jpg 1024w, http:\/\/ms-beatrice.de\/wp-content\/uploads\/2014\/05\/2014-05-29-22.19.08-300x168.jpg 300w\" sizes=\"(max-width: 474px) 100vw, 474px\" \/><\/a><\/p>\n<p>3. Juni 2014<\/p>\n<p>Einen Drehmomentschl\u00fcssel haben wir f\u00fcr horrend viel Geld gekauft. Wir warten jetzt auf die Ersatzteile. Aber es gab genug an Bord zu tun: S\u00e4mtliche seewasserf\u00fchrende Leitungen haben wir ausgebaut, ges\u00e4ubert und wieder eingebaut, wobei viele Restteile der zerst\u00f6rten Impeller ans Tageslicht kamen. Den W\u00e4rmetauscher haben wir auseinandergenommen und mit Druckluft die einzelnen R\u00f6hrchen ausgeblasen. Auch hier kam Gummi heraus.<\/p>\n<p>Am Abend gings dann wieder ins wundersch\u00f6ne A Coru\u00f1a, wo es f\u00fcr kleines Geld leckere Tapas gab.<\/p>\n<p><a href=\"http:\/\/ms-beatrice.de\/wp-content\/uploads\/2014\/05\/20140602_192752.jpg\"><img loading=\"lazy\" class=\"alignnone size-large wp-image-259\" alt=\"20140602_192752\" src=\"http:\/\/ms-beatrice.de\/wp-content\/uploads\/2014\/05\/20140602_192752-1024x576.jpg\" width=\"474\" height=\"266\" srcset=\"http:\/\/ms-beatrice.de\/wp-content\/uploads\/2014\/05\/20140602_192752-1024x576.jpg 1024w, http:\/\/ms-beatrice.de\/wp-content\/uploads\/2014\/05\/20140602_192752-300x168.jpg 300w\" sizes=\"(max-width: 474px) 100vw, 474px\" \/><\/a><\/p>\n<p>Estrella Galizia, der Fussballverein von A Coru\u00f1a ist in die erste Liga aufgestiegen, und in der Stadt war der B\u00e4r los.<\/p>\n<p><a href=\"http:\/\/ms-beatrice.de\/wp-content\/uploads\/2014\/05\/20140602_214259.jpg\"><img loading=\"lazy\" class=\"alignnone size-large wp-image-257\" alt=\"20140602_214259\" src=\"http:\/\/ms-beatrice.de\/wp-content\/uploads\/2014\/05\/20140602_214259-1024x576.jpg\" width=\"474\" height=\"266\" srcset=\"http:\/\/ms-beatrice.de\/wp-content\/uploads\/2014\/05\/20140602_214259-1024x576.jpg 1024w, http:\/\/ms-beatrice.de\/wp-content\/uploads\/2014\/05\/20140602_214259-300x168.jpg 300w\" sizes=\"(max-width: 474px) 100vw, 474px\" \/><\/a><\/p>\n<p>4. Juni 2014<\/p>\n<p>Heute fuhren wir mit der Bahn nach Santiago de Campastello. Wir pilgerten den Jakobsweg nur vom Bahnhof zur Basilika. Andere Pilger mit wunden F\u00fc\u00dfen holten sich am Pilgerb\u00fcro ihren Stempel ab.<\/p>\n<p><a href=\"http:\/\/ms-beatrice.de\/wp-content\/uploads\/2014\/05\/santiago3.jpg\"><img loading=\"lazy\" class=\"alignnone size-large wp-image-268\" alt=\"santiago3\" src=\"http:\/\/ms-beatrice.de\/wp-content\/uploads\/2014\/05\/santiago3-1024x682.jpg\" width=\"474\" height=\"315\" srcset=\"http:\/\/ms-beatrice.de\/wp-content\/uploads\/2014\/05\/santiago3-1024x682.jpg 1024w, http:\/\/ms-beatrice.de\/wp-content\/uploads\/2014\/05\/santiago3-300x199.jpg 300w, http:\/\/ms-beatrice.de\/wp-content\/uploads\/2014\/05\/santiago3.jpg 2048w\" sizes=\"(max-width: 474px) 100vw, 474px\" \/><\/a><\/p>\n<p><span style=\"line-height: 1.5;\">Die Altstadt ist von Kirchen und Kl\u00f6stern gepr\u00e4gt.<\/span><\/p>\n<p><a href=\"http:\/\/ms-beatrice.de\/wp-content\/uploads\/2014\/05\/santiago1.jpg\"><img loading=\"lazy\" class=\"alignnone size-large wp-image-270\" alt=\"santiago1\" src=\"http:\/\/ms-beatrice.de\/wp-content\/uploads\/2014\/05\/santiago1-1024x682.jpg\" width=\"474\" height=\"315\" srcset=\"http:\/\/ms-beatrice.de\/wp-content\/uploads\/2014\/05\/santiago1-1024x682.jpg 1024w, http:\/\/ms-beatrice.de\/wp-content\/uploads\/2014\/05\/santiago1-300x199.jpg 300w, http:\/\/ms-beatrice.de\/wp-content\/uploads\/2014\/05\/santiago1.jpg 2048w\" sizes=\"(max-width: 474px) 100vw, 474px\" \/><\/a><\/p>\n<p><span style=\"line-height: 1.5;\">&#8230; und nat\u00fcrlich voll von Andenkenl\u00e4den.<\/span><\/p>\n<p><a href=\"http:\/\/ms-beatrice.de\/wp-content\/uploads\/2014\/05\/santiago2.jpg\"><img loading=\"lazy\" class=\"alignnone size-large wp-image-272\" alt=\"santiago2\" src=\"http:\/\/ms-beatrice.de\/wp-content\/uploads\/2014\/05\/santiago2-1024x682.jpg\" width=\"474\" height=\"315\" srcset=\"http:\/\/ms-beatrice.de\/wp-content\/uploads\/2014\/05\/santiago2-1024x682.jpg 1024w, http:\/\/ms-beatrice.de\/wp-content\/uploads\/2014\/05\/santiago2-300x199.jpg 300w, http:\/\/ms-beatrice.de\/wp-content\/uploads\/2014\/05\/santiago2.jpg 2048w\" sizes=\"(max-width: 474px) 100vw, 474px\" \/><\/a><\/p>\n<p>Nun hoffen wir, dass unsere Wallfahrt bei der Motorreparatur helfen wird.<\/p>\n<p>5. Mai 2014<\/p>\n<p>Um es vorab zu sagen: die Ersatzteile sind noch nicht angekommen. So haben wir uns Zeit genommen, mit dem Fahrrad die Gegend zu erkunden. Zuerst haben wir den Herkulesturm erstiegen. Er geh\u00f6rt zum Weltkulturerbe, denn er wurde von den R\u00f6mern zur Sicherung ihrer Seewege nach Britannien und Germanien gebaut.<a href=\"http:\/\/ms-beatrice.de\/wp-content\/uploads\/2014\/05\/SAM_1071.jpg\"><img loading=\"lazy\" class=\"alignnone size-large wp-image-278\" alt=\"SAM_1071\" src=\"http:\/\/ms-beatrice.de\/wp-content\/uploads\/2014\/05\/SAM_1071-682x1024.jpg\" width=\"474\" height=\"711\" srcset=\"http:\/\/ms-beatrice.de\/wp-content\/uploads\/2014\/05\/SAM_1071-682x1024.jpg 682w, http:\/\/ms-beatrice.de\/wp-content\/uploads\/2014\/05\/SAM_1071-200x300.jpg 200w, http:\/\/ms-beatrice.de\/wp-content\/uploads\/2014\/05\/SAM_1071.jpg 2048w\" sizes=\"(max-width: 474px) 100vw, 474px\" \/><\/a><\/p>\n<p>Dann fuhren wir weiter zur n\u00e4chsten Bucht und stiegen auf den h\u00f6chsten Punkt. Dort standen riesige Gesch\u00fctze, mit denen nach \u00a0der Beschreibung im 2. Weltkrieg die deutschen U-Boote durch die Franco-Regierung \u00a0gesch\u00fctzt wurden.<a href=\"http:\/\/ms-beatrice.de\/wp-content\/uploads\/2014\/05\/SAM_1081.jpg\"><img loading=\"lazy\" class=\"alignnone size-large wp-image-281\" alt=\"SAM_1081\" src=\"http:\/\/ms-beatrice.de\/wp-content\/uploads\/2014\/05\/SAM_1081-1024x682.jpg\" width=\"474\" height=\"315\" srcset=\"http:\/\/ms-beatrice.de\/wp-content\/uploads\/2014\/05\/SAM_1081-1024x682.jpg 1024w, http:\/\/ms-beatrice.de\/wp-content\/uploads\/2014\/05\/SAM_1081-300x199.jpg 300w, http:\/\/ms-beatrice.de\/wp-content\/uploads\/2014\/05\/SAM_1081.jpg 2048w\" sizes=\"(max-width: 474px) 100vw, 474px\" \/><\/a><\/p>\n<p>Hier hatten wir einen guten \u00dcberblick \u00fcber A Coruna.<a href=\"http:\/\/ms-beatrice.de\/wp-content\/uploads\/2014\/05\/SAM_1054.jpg\"><img loading=\"lazy\" class=\"alignnone size-large wp-image-279\" alt=\"SAM_1054\" src=\"http:\/\/ms-beatrice.de\/wp-content\/uploads\/2014\/05\/SAM_1054-1024x682.jpg\" width=\"474\" height=\"315\" srcset=\"http:\/\/ms-beatrice.de\/wp-content\/uploads\/2014\/05\/SAM_1054-1024x682.jpg 1024w, http:\/\/ms-beatrice.de\/wp-content\/uploads\/2014\/05\/SAM_1054-300x199.jpg 300w, http:\/\/ms-beatrice.de\/wp-content\/uploads\/2014\/05\/SAM_1054.jpg 2048w\" sizes=\"(max-width: 474px) 100vw, 474px\" \/><\/a><\/p>\n<p>&nbsp;<\/p>\n<p><a href=\"http:\/\/ms-beatrice.de\/wp-content\/uploads\/2014\/05\/SAM_1084.jpg\"><img loading=\"lazy\" class=\"alignnone size-large wp-image-282\" alt=\"SAM_1084\" src=\"http:\/\/ms-beatrice.de\/wp-content\/uploads\/2014\/05\/SAM_1084-1024x682.jpg\" width=\"474\" height=\"315\" srcset=\"http:\/\/ms-beatrice.de\/wp-content\/uploads\/2014\/05\/SAM_1084-1024x682.jpg 1024w, http:\/\/ms-beatrice.de\/wp-content\/uploads\/2014\/05\/SAM_1084-300x199.jpg 300w, http:\/\/ms-beatrice.de\/wp-content\/uploads\/2014\/05\/SAM_1084.jpg 2048w\" sizes=\"(max-width: 474px) 100vw, 474px\" \/><\/a><\/p>\n<p>&nbsp;<\/p>\n<p>6. Juni 2014<\/p>\n<p>Heute kamen die Motorersatzteile an ( Zylinderkopfdichtung) .Alles eingebaut, &#8230; und l\u00e4uft. Mit Hilfe aller Kollegen aus Krefeld, aus M\u00fcnster, aus Bremen, aus Schwaben haben wir den Zylinderkopf aufgesetzt. Ist schon toll, wie alle mithelfen. \u00a0Bin von Schiff zu Schiff gegangen und jeder hat mit angepackt.<\/p>\n<p>Nachts haben wir dann gemeinsam noch eine Flasche Williams geleert, die Alois von der \u00a0Zora zur Feier des Tages spendierte.<\/p>\n<p>7. Juni 2014<\/p>\n<p>Heute morgen haben wir den Motor<span style=\"line-height: 1.5;\">\u00a02 Stunden warmlaufen lassen und dann die Schrauben auf 154 Nm angezogen. Der Motor schnurrte herrlich, allerdings leckte die Dichtung vom Auspuffkr\u00fcmmer (S\u00fc\u00dfwasserkreislauf). Kein gro\u00dfes Problem, aber Samstag-Mittag bekommt man kein hitzefestes Dichtmittel mehr in A Coru\u00f1a. Dann m\u00fcssen wir eben am Montag den Auspuff abdichten.<\/span><\/p>\n<p>Heute war hier der Tag des Milit\u00e4rs. Wir haben uns den Flugzeugtr\u00e4ger Juan Carlos I angesehen. <a href=\"http:\/\/ms-beatrice.de\/wp-content\/uploads\/2014\/05\/20140607_185602.jpg\"><img loading=\"lazy\" class=\"alignnone size-large wp-image-288\" alt=\"20140607_185602\" src=\"http:\/\/ms-beatrice.de\/wp-content\/uploads\/2014\/05\/20140607_185602-1024x576.jpg\" width=\"474\" height=\"266\" srcset=\"http:\/\/ms-beatrice.de\/wp-content\/uploads\/2014\/05\/20140607_185602-1024x576.jpg 1024w, http:\/\/ms-beatrice.de\/wp-content\/uploads\/2014\/05\/20140607_185602-300x168.jpg 300w\" sizes=\"(max-width: 474px) 100vw, 474px\" \/><\/a><\/p>\n<p>Er kam mir vor wie eine militarisierte Autof\u00e4hre.<\/p>\n<p>10. Juni 2014<\/p>\n<p>Der Motor ist wieder fertig, die Dichtung h\u00e4lt auch und wir sind weitergesegelt bzw. auch motort. Jetzt ging es die Costa de muerte entlang, die &#8211; wie der Name schon sagt &#8211; t\u00f6dlich sein kann, da es die sturmreiche Westecke Europas ist. Unsere Fahrt war aber unproblematisch. Abends sind wir in dem kleinen Fischerhafen Camari\u00f1as gelandet, direkt am Cap Finistiere.<\/p>\n<p><a href=\"http:\/\/ms-beatrice.de\/wp-content\/uploads\/2014\/05\/20140610_165821.jpg\"><img loading=\"lazy\" class=\"alignnone size-large wp-image-291\" alt=\"20140610_165821\" src=\"http:\/\/ms-beatrice.de\/wp-content\/uploads\/2014\/05\/20140610_165821-1024x576.jpg\" width=\"474\" height=\"266\" srcset=\"http:\/\/ms-beatrice.de\/wp-content\/uploads\/2014\/05\/20140610_165821-1024x576.jpg 1024w, http:\/\/ms-beatrice.de\/wp-content\/uploads\/2014\/05\/20140610_165821-300x168.jpg 300w\" sizes=\"(max-width: 474px) 100vw, 474px\" \/><\/a><\/p>\n<p><span style=\"line-height: 1.5;\">F\u00fcr morgen ist Nordwind vorausgesagt. Wenn alles klappt, ist unser \u00fcbern\u00e4chster Hafen bereits in Portugal.<\/span><\/p>\n<p>12. Juni 2014<\/p>\n<p>Die Costa de Muerte und das Cap Finistierra liegen hinter uns. Es gab tats\u00e4chlich Norwind, so dass en gro\u00dfer Sprung m\u00f6glich war. Der Wind war allerdings gerade an den ber\u00fcchtigten Ecken so schwach, dass Motoren angesagt war.<\/p>\n<p><a href=\"http:\/\/ms-beatrice.de\/wp-content\/uploads\/2014\/05\/20140611_1224581.jpg\"><img loading=\"lazy\" class=\"alignnone size-large wp-image-297\" alt=\"20140611_122458[1]\" src=\"http:\/\/ms-beatrice.de\/wp-content\/uploads\/2014\/05\/20140611_1224581-1024x576.jpg\" width=\"474\" height=\"266\" srcset=\"http:\/\/ms-beatrice.de\/wp-content\/uploads\/2014\/05\/20140611_1224581-1024x576.jpg 1024w, http:\/\/ms-beatrice.de\/wp-content\/uploads\/2014\/05\/20140611_1224581-300x168.jpg 300w\" sizes=\"(max-width: 474px) 100vw, 474px\" \/><\/a><\/p>\n<p>Dabei konnten wir uns \u00fcberzeugen, dass unsere Maschine wieder gut l\u00e4uft.<\/p>\n<p>Gestern Abend sind wir in Baiona angekommen. Mit einer Flasche Sekt haben wir die 1100. Seemeile bzw. 2000 km Reise \u00fcber Nordsee, \u00c4rmelkanal, Biscaya und Atlantik gefeiert.<\/p>\n<p>Baiona ist die Stadt, aus der die Besatzung der Pinta stammt, und nach der R\u00fcckkehr der Kolumbusflotte hat sie zuerst in Bayona von der Entdeckung Amerikas berichtet.<a href=\"http:\/\/ms-beatrice.de\/wp-content\/uploads\/2014\/05\/20140612_110416.jpg\"><img loading=\"lazy\" class=\"alignnone size-large wp-image-299\" alt=\"20140612_110416\" src=\"http:\/\/ms-beatrice.de\/wp-content\/uploads\/2014\/05\/20140612_110416-576x1024.jpg\" width=\"474\" height=\"842\" srcset=\"http:\/\/ms-beatrice.de\/wp-content\/uploads\/2014\/05\/20140612_110416-576x1024.jpg 576w, http:\/\/ms-beatrice.de\/wp-content\/uploads\/2014\/05\/20140612_110416.jpg 1836w\" sizes=\"(max-width: 474px) 100vw, 474px\" \/><\/a><\/p>\n<p>So liegt hier im Hafen auch ein Nachbau der Pinta, den wir nat\u00fcrlich besucht haben.<\/p>\n<div style=\"width: 604px;\" class=\"wp-video\"><!--[if lt IE 9]><script>document.createElement('video');<\/script><![endif]-->\n<video class=\"wp-video-shortcode\" id=\"video-208-1\" width=\"604\" height=\"403\" preload=\"metadata\" controls=\"controls\"><source type=\"video\/mp4\" src=\"http:\/\/ms-beatrice.de\/wp-content\/uploads\/2014\/06\/Pinta.mp4?_=1\" \/><a href=\"http:\/\/ms-beatrice.de\/wp-content\/uploads\/2014\/06\/Pinta.mp4\">http:\/\/ms-beatrice.de\/wp-content\/uploads\/2014\/06\/Pinta.mp4<\/a><\/video><\/div>\n<p><a href=\"http:\/\/ms-beatrice.de\/wp-content\/uploads\/2014\/05\/20140612_112232.jpg\"><img loading=\"lazy\" class=\"alignnone size-large wp-image-300\" alt=\"20140612_112232\" src=\"http:\/\/ms-beatrice.de\/wp-content\/uploads\/2014\/05\/20140612_112232-1024x576.jpg\" width=\"474\" height=\"266\" srcset=\"http:\/\/ms-beatrice.de\/wp-content\/uploads\/2014\/05\/20140612_112232-1024x576.jpg 1024w, http:\/\/ms-beatrice.de\/wp-content\/uploads\/2014\/05\/20140612_112232-300x168.jpg 300w\" sizes=\"(max-width: 474px) 100vw, 474px\" \/><\/a><\/p>\n<p>Hier ist endlich S\u00fcden und bis Portugal sind es nur noch 12 Seemeilen. Der n\u00e4chste Bericht wird wohl im Kapitel Portugal bis Gibraltar stehen.<\/p>\n<p>&nbsp;<\/p>\n","protected":false},"excerpt":{"rendered":"<p>21. Mai 2014 So, jetzt haben wir den \u00c4rmelkanal (warum hei\u00dft der so?) verlassen und den Atlantik und den Golf von Biscaya betreten\/befahren. Heute sind wir nach Camaret sur Mer in der Bucht von Brest gesegelt. Es war einmal wieder eine abenteuerliche Tour mit hohen Wellen und viel Wind. Unterwegs haben wir teilweise den Motor &hellip; <a href=\"http:\/\/ms-beatrice.de\/?page_id=208\" class=\"more-link\"><span class=\"screen-reader-text\">3 Biscaya bis Spanien<\/span> weiterlesen <span class=\"meta-nav\">&rarr;<\/span><\/a><\/p>\n","protected":false},"author":1,"featured_media":0,"parent":0,"menu_order":0,"comment_status":"open","ping_status":"closed","template":"","meta":[],"_links":{"self":[{"href":"http:\/\/ms-beatrice.de\/index.php?rest_route=\/wp\/v2\/pages\/208"}],"collection":[{"href":"http:\/\/ms-beatrice.de\/index.php?rest_route=\/wp\/v2\/pages"}],"about":[{"href":"http:\/\/ms-beatrice.de\/index.php?rest_route=\/wp\/v2\/types\/page"}],"author":[{"embeddable":true,"href":"http:\/\/ms-beatrice.de\/index.php?rest_route=\/wp\/v2\/users\/1"}],"replies":[{"embeddable":true,"href":"http:\/\/ms-beatrice.de\/index.php?rest_route=%2Fwp%2Fv2%2Fcomments&post=208"}],"version-history":[{"count":47,"href":"http:\/\/ms-beatrice.de\/index.php?rest_route=\/wp\/v2\/pages\/208\/revisions"}],"predecessor-version":[{"id":315,"href":"http:\/\/ms-beatrice.de\/index.php?rest_route=\/wp\/v2\/pages\/208\/revisions\/315"}],"wp:attachment":[{"href":"http:\/\/ms-beatrice.de\/index.php?rest_route=%2Fwp%2Fv2%2Fmedia&parent=208"}],"curies":[{"name":"wp","href":"https:\/\/api.w.org\/{rel}","templated":true}]}}