{"id":130,"date":"2014-05-04T13:18:08","date_gmt":"2014-05-04T12:18:08","guid":{"rendered":"http:\/\/ms-beatrice.de\/?page_id=130"},"modified":"2014-06-14T07:43:30","modified_gmt":"2014-06-14T06:43:30","slug":"nordsee-und-englischer-kanal","status":"publish","type":"page","link":"http:\/\/ms-beatrice.de\/?page_id=130","title":{"rendered":"2 Nordsee und Englischer Kanal"},"content":{"rendered":"<p>4.Mai 2014<\/p>\n<p>Am 1. Mai ging es nach langer Abschieds- und Geburtstagsfete an Bord, die bis in den fr\u00fchen Morgen ging, nach dem Fr\u00fchst\u00fcck los. <a href=\"http:\/\/ms-beatrice.de\/wp-content\/uploads\/2014\/05\/SAM_3236.jpg\"><img loading=\"lazy\" class=\"alignnone size-large wp-image-136\" alt=\"SAM_3236\" src=\"http:\/\/ms-beatrice.de\/wp-content\/uploads\/2014\/05\/SAM_3236-1024x682.jpg\" width=\"474\" height=\"315\" srcset=\"http:\/\/ms-beatrice.de\/wp-content\/uploads\/2014\/05\/SAM_3236-1024x682.jpg 1024w, http:\/\/ms-beatrice.de\/wp-content\/uploads\/2014\/05\/SAM_3236-300x200.jpg 300w\" sizes=\"(max-width: 474px) 100vw, 474px\" \/><\/a><\/p>\n<p><a href=\"http:\/\/ms-beatrice.de\/wp-content\/uploads\/2014\/05\/SAM_3233.jpg\"><img loading=\"lazy\" class=\"alignnone size-large wp-image-137\" alt=\"SAM_3233\" src=\"http:\/\/ms-beatrice.de\/wp-content\/uploads\/2014\/05\/SAM_3233-1024x682.jpg\" width=\"474\" height=\"315\" srcset=\"http:\/\/ms-beatrice.de\/wp-content\/uploads\/2014\/05\/SAM_3233-1024x682.jpg 1024w, http:\/\/ms-beatrice.de\/wp-content\/uploads\/2014\/05\/SAM_3233-300x200.jpg 300w\" sizes=\"(max-width: 474px) 100vw, 474px\" \/><\/a>Aber schon nach 2 Stunden kamen unsch\u00f6ne Ger\u00e4usche aus dem Motorraum. Maschine aus und untersucht. Es fehlten 12 Liter Motor\u00f6l. Wie konnte das sein? Erst einmal \u00d6l nachgegossen und gestartet. Und jetzt konnte man sehen, woran es lag: Die \u00d6lfilterdichtung war nach dem Filtertausch so undicht, dass Font\u00e4nen herausschossen. Nach 2 Stunden war alles wieder repariert und der Motor hat wohl keinen Schaden genommen. Am n\u00e4chsten Morgen in Ijmuiden hat es mit 6 Beaufort geblasen, so dass wir im Hafen blieben, noch 300 Liter Diesel tankten und das wichtigste &#8211; \u00d6l besorgten und den Rest auff\u00fcllten. Am 3. Mai gings dann weiter. Es sollte nur bis Scheveningen gehen, aber wir hatten Nordwind. Und den wollten wir nutzen, um weiterzukommen. So sind wir eben die n\u00e4chste Nacht auch noch durchgesegelt und schlie\u00dflich nach einer mondlosen stockfinsteren Nacht auf den Vlanderschen Gronden in Boulogne sur Mer gelandet.<\/p>\n<p>6. Mai 2014<\/p>\n<p>Es blieb nur bei einer Nacht in Boulogne, denn S\u00fcdostwind war vorhergesagt. Und das wollten wir wieder einmal nutzen.<a href=\"http:\/\/ms-beatrice.de\/wp-content\/uploads\/2014\/05\/VorDieppe514.JPG.jpg\"><img loading=\"lazy\" class=\"alignnone size-full wp-image-180\" alt=\"VorDieppe514.JPG\" src=\"http:\/\/ms-beatrice.de\/wp-content\/uploads\/2014\/05\/VorDieppe514.JPG.jpg\" width=\"860\" height=\"484\" srcset=\"http:\/\/ms-beatrice.de\/wp-content\/uploads\/2014\/05\/VorDieppe514.JPG.jpg 860w, http:\/\/ms-beatrice.de\/wp-content\/uploads\/2014\/05\/VorDieppe514.JPG-300x168.jpg 300w\" sizes=\"(max-width: 860px) 100vw, 860px\" \/><\/a> Die Beatrice, aufgenommen von der Zora. Zusammen mit der Zora, die wie wir die Flagge des MSC (Mittelmeer Scipper Club) f\u00fchrt, haben wir die etwas mehr als 50 Seemeilen weite Fahrt nach Dieppe gemacht.<\/p>\n<p><a href=\"http:\/\/ms-beatrice.de\/wp-content\/uploads\/2014\/05\/20140506_162813.jpg\"><img loading=\"lazy\" class=\"alignnone size-large wp-image-159\" alt=\"20140506_162813\" src=\"http:\/\/ms-beatrice.de\/wp-content\/uploads\/2014\/05\/20140506_162813-1024x576.jpg\" width=\"474\" height=\"266\" srcset=\"http:\/\/ms-beatrice.de\/wp-content\/uploads\/2014\/05\/20140506_162813-1024x576.jpg 1024w, http:\/\/ms-beatrice.de\/wp-content\/uploads\/2014\/05\/20140506_162813-300x168.jpg 300w\" sizes=\"(max-width: 474px) 100vw, 474px\" \/><\/a> Hier werden wir noch mindestens eine weitere Nacht liegen bleiben, denn wir wollen unsere Reise ein wenig entschleunigen. Au\u00dferdem wird Sturmwetter erwartet. Dieppe ist eine typische Normandie-Stadt mit vielen Fischern und Fischst\u00e4nden \u00fcberall.<\/p>\n<p>7. Mai 2014<\/p>\n<p>Neue Segelabenteuer gibt es nicht zu berichten, das Wetter ist so schlecht, dass wir wohl noch einige Tage hier in Dieppe bleiben werden. Ich habe keine Lust, etwas im Sturm zu riskieren. In Dieppe gibt es aber auch einiges zu sehen.<\/p>\n<p><a href=\"http:\/\/ms-beatrice.de\/wp-content\/uploads\/2014\/05\/SAM_0865.jpg\"><img loading=\"lazy\" class=\"alignnone size-large wp-image-173\" alt=\"SAM_0865\" src=\"http:\/\/ms-beatrice.de\/wp-content\/uploads\/2014\/05\/SAM_0865-1024x682.jpg\" width=\"474\" height=\"315\" srcset=\"http:\/\/ms-beatrice.de\/wp-content\/uploads\/2014\/05\/SAM_0865-1024x682.jpg 1024w, http:\/\/ms-beatrice.de\/wp-content\/uploads\/2014\/05\/SAM_0865-300x200.jpg 300w\" sizes=\"(max-width: 474px) 100vw, 474px\" \/><\/a>So etwa eine Kirche geschm\u00fcckt mit Schiffsmodellen und maritimen Bildern .<\/p>\n<p><a href=\"http:\/\/ms-beatrice.de\/wp-content\/uploads\/2014\/05\/20140507_214720.jpg\"><img loading=\"lazy\" class=\"alignnone size-large wp-image-171\" alt=\"20140507_214720\" src=\"http:\/\/ms-beatrice.de\/wp-content\/uploads\/2014\/05\/20140507_214720-1024x576.jpg\" width=\"474\" height=\"266\" srcset=\"http:\/\/ms-beatrice.de\/wp-content\/uploads\/2014\/05\/20140507_214720-1024x576.jpg 1024w, http:\/\/ms-beatrice.de\/wp-content\/uploads\/2014\/05\/20140507_214720-300x168.jpg 300w\" sizes=\"(max-width: 474px) 100vw, 474px\" \/><\/a> So sch\u00f6n ist es heute Abend nicht mehr im Hafen, es bl\u00e4st und regnet. Und wenn ich den Wetterbericht ansehe, dann wird sich bis Montag nichts beruhigen.<\/p>\n<p><a href=\"http:\/\/ms-beatrice.de\/wp-content\/uploads\/2014\/05\/SAM_0861.jpg\"><img loading=\"lazy\" class=\"alignnone size-large wp-image-177\" alt=\"SAM_0861\" src=\"http:\/\/ms-beatrice.de\/wp-content\/uploads\/2014\/05\/SAM_0861-1024x682.jpg\" width=\"474\" height=\"315\" srcset=\"http:\/\/ms-beatrice.de\/wp-content\/uploads\/2014\/05\/SAM_0861-1024x682.jpg 1024w, http:\/\/ms-beatrice.de\/wp-content\/uploads\/2014\/05\/SAM_0861-300x200.jpg 300w\" sizes=\"(max-width: 474px) 100vw, 474px\" \/><\/a> <span style=\"line-height: 1.5;\">Die Steilk\u00fcste wird hier Alabasterk\u00fcste (Albatre) genannt und ist \u00a0auch bei Regen imposant.<\/span><\/p>\n<p>13. Mai 2014<\/p>\n<p>Heute ging es endlich weiter. Aber bevor wir starten konnten, kam der Zoll an Bord. Mit 7 Beamten&#8230; und alles wurde gepr\u00fcft und untersucht. Auf dem Foto ist nur einer zu sehen, denn Fotografieren war verboten. <a href=\"http:\/\/ms-beatrice.de\/wp-content\/uploads\/2014\/05\/SAM_3423.JPG.jpg\"><img loading=\"lazy\" class=\"alignnone size-full wp-image-184\" alt=\"SAM_3423.JPG\" src=\"http:\/\/ms-beatrice.de\/wp-content\/uploads\/2014\/05\/SAM_3423.JPG.jpg\" width=\"994\" height=\"760\" srcset=\"http:\/\/ms-beatrice.de\/wp-content\/uploads\/2014\/05\/SAM_3423.JPG.jpg 994w, http:\/\/ms-beatrice.de\/wp-content\/uploads\/2014\/05\/SAM_3423.JPG-300x229.jpg 300w\" sizes=\"(max-width: 994px) 100vw, 994px\" \/><\/a>Aber nat\u00fcrlich war alles in Ordnung. Der Wetterbericht hatte uns Hoffnungen gemacht, mit einer Nachttour Cherbourg ansteuern zu k\u00f6nnen. Aber anders als angek\u00fcndigt, drehte der Wind nicht nach Nordwest und wurde auch nicht schw\u00e4cher. Vor Fecamp stand dann die Entscheidung an, gegen 5 Beaufort bei sehr hoher alter und neuer Wind- Welle genau gegenan zu knallen oder nach Le Havre abzudrehen. Die Entscheidung fiel gegen eine Nacht in der Achterbahn und f\u00fcr Le Havre.<\/p>\n<p>1<span style=\"line-height: 1.5;\">5. Mai 2014 <\/span><\/p>\n<p><span style=\"line-height: 1.5;\">Nachdem wir die ganze Nacht durchgesegelt sind, kamen wir vor Sonnenaufgang in \u00a0Cherbourg an. Aber bei Dunkelheit einlaufen schien zu gef\u00e4hrlich, da vor der \u00e4u\u00dferen Wellenbrechermauer einige Felsen knapp unter der Oberfl\u00e4che liegen. So hie\u00df es warten auf Licht. <\/span><a style=\"line-height: 1.5;\" href=\"http:\/\/ms-beatrice.de\/wp-content\/uploads\/2014\/05\/20140515_054229.jpg\"><img loading=\"lazy\" class=\"alignnone size-large wp-image-188\" alt=\"20140515_054229\" src=\"http:\/\/ms-beatrice.de\/wp-content\/uploads\/2014\/05\/20140515_054229-1024x576.jpg\" width=\"474\" height=\"266\" srcset=\"http:\/\/ms-beatrice.de\/wp-content\/uploads\/2014\/05\/20140515_054229-1024x576.jpg 1024w, http:\/\/ms-beatrice.de\/wp-content\/uploads\/2014\/05\/20140515_054229-300x168.jpg 300w\" sizes=\"(max-width: 474px) 100vw, 474px\" \/><\/a><\/p>\n<p><span style=\"line-height: 1.5;\">Dann konnten wir mit extremen Str\u00f6mungen einfahren. \u00dcbrigens: Hier um den Hafen herum stehen sehr viele Palmen, und auch Napoleon reitet unter Palmen.<\/span><a style=\"line-height: 1.5;\" href=\"http:\/\/ms-beatrice.de\/wp-content\/uploads\/2014\/05\/20140515_135948.jpg\"><img loading=\"lazy\" class=\"alignnone size-large wp-image-190\" alt=\"20140515_135948\" src=\"http:\/\/ms-beatrice.de\/wp-content\/uploads\/2014\/05\/20140515_135948-1024x576.jpg\" width=\"474\" height=\"266\" srcset=\"http:\/\/ms-beatrice.de\/wp-content\/uploads\/2014\/05\/20140515_135948-1024x576.jpg 1024w, http:\/\/ms-beatrice.de\/wp-content\/uploads\/2014\/05\/20140515_135948-300x168.jpg 300w\" sizes=\"(max-width: 474px) 100vw, 474px\" \/><\/a><span style=\"line-height: 1.5;\"> \u00a0 <\/span><\/p>\n<p><span style=\"line-height: 1.5;\">17. Mai 2014 <\/span><\/p>\n<p><span style=\"line-height: 1.5;\">Gestern hatten wir eine traumhafte Reise zur Insel Guernsey. Strahlender Sonnenschein und Wind 4 Beaufort aus Nordost. Besser geht gar nicht. Und was hatte ich mir Gedanken gemacht, unbeschadet durch das ber\u00fcchtigte Alderney Race zu kommen. Es war ein unglaubliches Erlebnis mit einer Str\u00f6mung von \u00fcber 10 Knoten durch eine brodelnde See zu rauschen. Bei jedem anderen Wetter nicht zu machen, aber wir hatten Gl\u00fcck. Die bekannten Strudel mussten nat\u00fcrlich trotzdem umfahren werden. Und dann nach rauschender Fahrt an Alderney vorbei in Guernsey am Ponton angelegt, von wo wir nach kurzer Zeit bei entsprechendem Wasserstand \u00fcber der Barre durch die Hafenbediensteten abgeholt wurden und einen Liegeplatz im Victoria-Hafen zugewiesen bekamen. <\/span><a style=\"line-height: 1.5;\" href=\"http:\/\/ms-beatrice.de\/wp-content\/uploads\/2014\/05\/20140517_153054.jpg\"><img loading=\"lazy\" class=\"alignnone size-large wp-image-193\" alt=\"20140517_153054\" src=\"http:\/\/ms-beatrice.de\/wp-content\/uploads\/2014\/05\/20140517_153054-1024x576.jpg\" width=\"474\" height=\"266\" srcset=\"http:\/\/ms-beatrice.de\/wp-content\/uploads\/2014\/05\/20140517_153054-1024x576.jpg 1024w, http:\/\/ms-beatrice.de\/wp-content\/uploads\/2014\/05\/20140517_153054-300x168.jpg 300w\" sizes=\"(max-width: 474px) 100vw, 474px\" \/><\/a><\/p>\n<p><span style=\"line-height: 1.5;\">Bei Temperaturen von 28 Grad geht es uns unter Palmen (wirklich, h\u00e4tte ich auch nicht geglaubt) einfach nur gut.<\/span><\/p>\n<p><a style=\"line-height: 1.5;\" href=\"http:\/\/ms-beatrice.de\/wp-content\/uploads\/2014\/05\/20140517_165110.jpg\"><img loading=\"lazy\" class=\"alignnone size-large wp-image-194\" alt=\"20140517_165110\" src=\"http:\/\/ms-beatrice.de\/wp-content\/uploads\/2014\/05\/20140517_165110-1024x576.jpg\" width=\"474\" height=\"266\" srcset=\"http:\/\/ms-beatrice.de\/wp-content\/uploads\/2014\/05\/20140517_165110-1024x576.jpg 1024w, http:\/\/ms-beatrice.de\/wp-content\/uploads\/2014\/05\/20140517_165110-300x168.jpg 300w\" sizes=\"(max-width: 474px) 100vw, 474px\" \/><\/a><\/p>\n<p><a style=\"line-height: 1.5;\" href=\"http:\/\/ms-beatrice.de\/wp-content\/uploads\/2014\/05\/20140517_091646.jpg\"><img loading=\"lazy\" class=\"alignnone size-large wp-image-195\" alt=\"20140517_091646\" src=\"http:\/\/ms-beatrice.de\/wp-content\/uploads\/2014\/05\/20140517_091646-1024x576.jpg\" width=\"474\" height=\"266\" srcset=\"http:\/\/ms-beatrice.de\/wp-content\/uploads\/2014\/05\/20140517_091646-1024x576.jpg 1024w, http:\/\/ms-beatrice.de\/wp-content\/uploads\/2014\/05\/20140517_091646-300x168.jpg 300w\" sizes=\"(max-width: 474px) 100vw, 474px\" \/><\/a><\/p>\n<p><a style=\"line-height: 1.5;\" href=\"http:\/\/ms-beatrice.de\/wp-content\/uploads\/2014\/05\/20140517_134208.jpg\"><img loading=\"lazy\" class=\"alignnone size-large wp-image-196\" alt=\"20140517_134208\" src=\"http:\/\/ms-beatrice.de\/wp-content\/uploads\/2014\/05\/20140517_134208-1024x576.jpg\" width=\"474\" height=\"266\" srcset=\"http:\/\/ms-beatrice.de\/wp-content\/uploads\/2014\/05\/20140517_134208-1024x576.jpg 1024w, http:\/\/ms-beatrice.de\/wp-content\/uploads\/2014\/05\/20140517_134208-300x168.jpg 300w\" sizes=\"(max-width: 474px) 100vw, 474px\" \/><\/a><\/p>\n<p><span style=\"line-height: 1.5;\">18. Mai 2014 <\/span><\/p>\n<p><span style=\"line-height: 1.5;\">Heute sind wir mit dem Bus einmal rund um die Insel gefahren. Insbesondere im Norden und im Westen gibt es sehr bizarre Felsk\u00fcsten.<\/span><a style=\"line-height: 1.5;\" href=\"http:\/\/ms-beatrice.de\/wp-content\/uploads\/2014\/05\/SAM_0958.jpg\"><img loading=\"lazy\" class=\"alignnone size-large wp-image-199\" alt=\"SAM_0958\" src=\"http:\/\/ms-beatrice.de\/wp-content\/uploads\/2014\/05\/SAM_0958-1024x682.jpg\" width=\"474\" height=\"315\" srcset=\"http:\/\/ms-beatrice.de\/wp-content\/uploads\/2014\/05\/SAM_0958-1024x682.jpg 1024w, http:\/\/ms-beatrice.de\/wp-content\/uploads\/2014\/05\/SAM_0958-300x200.jpg 300w\" sizes=\"(max-width: 474px) 100vw, 474px\" \/><\/a><\/p>\n<p><span style=\"line-height: 1.5;\">Es ist schade, dass wir nicht noch ein paar Tage l\u00e4nger bleiben, aber es ist vorhersehbar, dass \u00fcbermorgen der Wind und das Wetter nicht mehr zu unserem Kurs passen. <\/span><a style=\"line-height: 1.5;\" href=\"http:\/\/ms-beatrice.de\/wp-content\/uploads\/2014\/05\/SAM_0959.jpg\"><img loading=\"lazy\" class=\"alignnone size-large wp-image-201\" alt=\"SAM_0959\" src=\"http:\/\/ms-beatrice.de\/wp-content\/uploads\/2014\/05\/SAM_0959-1024x682.jpg\" width=\"474\" height=\"315\" srcset=\"http:\/\/ms-beatrice.de\/wp-content\/uploads\/2014\/05\/SAM_0959-1024x682.jpg 1024w, http:\/\/ms-beatrice.de\/wp-content\/uploads\/2014\/05\/SAM_0959-300x200.jpg 300w\" sizes=\"(max-width: 474px) 100vw, 474px\" \/><\/a><\/p>\n<p><span style=\"line-height: 1.5;\">19. Mai 2014 <\/span><\/p>\n<p><span style=\"line-height: 1.5;\">So, jetzt sind wir am Ausgang des Englischen Kanals angekommen. Die n\u00e4chsten Berichte werden dann wohl unter der \u00dcberschrift &#8222;Biscaya bis Spanien stehen. Aber erst einmal zur Fahrt heute. Gegen 23 Uhr sind wir in Roscoff in der Bretagne eingelaufen. Sehr spannend, da str\u00f6hmungsreich und im Dunklen. Aber auch unterwegs mit \u00dcberraschungen: Regen, dann pl\u00f6tzlich aus heiterem Himmel B\u00f6en mit 6 bis 7 Beaufort, so dass die Genua nicht mehr zu halten war und abgeworfen werden musste. Hard Work auf dem Vorschiff! Winddrehung auf West mit entsprechend langen Atlantikwellen. Der Atlantik ist schon \u00fcberall zu sp\u00fcren&#8230; Und bis Gibraltar ab jetzt unser Revier. \u00dcbrigens: Die Lili, die schon in Dieppe die Schlechtwetterzeit mit uns verbracht hat, liegt auch hier im Hafen. Und noch ein &#8222;\u00dcbrigens&#8220;: Wenn ihr uns nicht in der Karte seht, dann liegt das nicht daran, dass wir untergegangen sind, sondern weil der Internet-Transponder einen Deffekt hat, welchen auch immer. Wir werden (\u00fcber Funk) von den anderen Schiffen gesehen und sehen auch alle anderen. Halt nur Internet funktioniert nicht. <\/span><\/p>\n<p><span style=\"line-height: 1.5;\">20. Mai 2014 <\/span><\/p>\n<p><span style=\"line-height: 1.5;\">Wir haben uns heute einmal Roscoff angesehen und die Ile de Batz. Hier ein paar Bilder, die die K\u00fcste zeigen.<\/span><a style=\"line-height: 1.5;\" href=\"http:\/\/ms-beatrice.de\/wp-content\/uploads\/2014\/05\/20140520_154957.jpg\"><img loading=\"lazy\" class=\"alignnone size-large wp-image-214\" alt=\"20140520_154957\" src=\"http:\/\/ms-beatrice.de\/wp-content\/uploads\/2014\/05\/20140520_154957-1024x576.jpg\" width=\"474\" height=\"266\" srcset=\"http:\/\/ms-beatrice.de\/wp-content\/uploads\/2014\/05\/20140520_154957-1024x576.jpg 1024w, http:\/\/ms-beatrice.de\/wp-content\/uploads\/2014\/05\/20140520_154957-300x168.jpg 300w\" sizes=\"(max-width: 474px) 100vw, 474px\" \/><\/a><span style=\"line-height: 1.5;\"> Oben Blick auf die Ile de Batz, unten auf Roscoff<\/span> <a href=\"http:\/\/ms-beatrice.de\/wp-content\/uploads\/2014\/05\/20140520_155027.jpg\"><img loading=\"lazy\" class=\"alignnone size-large wp-image-217\" alt=\"20140520_155027\" src=\"http:\/\/ms-beatrice.de\/wp-content\/uploads\/2014\/05\/20140520_155027-1024x576.jpg\" width=\"474\" height=\"266\" srcset=\"http:\/\/ms-beatrice.de\/wp-content\/uploads\/2014\/05\/20140520_155027-1024x576.jpg 1024w, http:\/\/ms-beatrice.de\/wp-content\/uploads\/2014\/05\/20140520_155027-300x168.jpg 300w\" sizes=\"(max-width: 474px) 100vw, 474px\" \/><\/a> <a href=\"http:\/\/ms-beatrice.de\/wp-content\/uploads\/2014\/05\/SAM_0971.jpg\"><img loading=\"lazy\" class=\"alignnone size-large wp-image-226\" alt=\"SAM_0971\" src=\"http:\/\/ms-beatrice.de\/wp-content\/uploads\/2014\/05\/SAM_0971.jpg\" width=\"1\" height=\"1\" \/><\/a><\/p>\n<p><a href=\"http:\/\/ms-beatrice.de\/wp-content\/uploads\/2014\/05\/SAM_0971.jpg\"><img loading=\"lazy\" class=\"alignnone size-large wp-image-227\" alt=\"SAM_0971\" src=\"http:\/\/ms-beatrice.de\/wp-content\/uploads\/2014\/05\/SAM_0971-1024x682.jpg\" width=\"474\" height=\"315\" srcset=\"http:\/\/ms-beatrice.de\/wp-content\/uploads\/2014\/05\/SAM_0971-1024x682.jpg 1024w, http:\/\/ms-beatrice.de\/wp-content\/uploads\/2014\/05\/SAM_0971-300x199.jpg 300w, http:\/\/ms-beatrice.de\/wp-content\/uploads\/2014\/05\/SAM_0971.jpg 2048w\" sizes=\"(max-width: 474px) 100vw, 474px\" \/><\/a><\/p>\n<p><span style=\"line-height: 1.5;\">Das ist die letzt Ecke zum Channel, der Pointe \u00a0de St.Matthieu.<\/span><\/p>\n<p><a href=\"http:\/\/ms-beatrice.de\/wp-content\/uploads\/2014\/05\/20140521_175804.jpg\"><img loading=\"lazy\" class=\"alignnone size-large wp-image-233\" alt=\"20140521_175804\" src=\"http:\/\/ms-beatrice.de\/wp-content\/uploads\/2014\/05\/20140521_175804-1024x438.jpg\" width=\"474\" height=\"202\" srcset=\"http:\/\/ms-beatrice.de\/wp-content\/uploads\/2014\/05\/20140521_175804-1024x438.jpg 1024w, http:\/\/ms-beatrice.de\/wp-content\/uploads\/2014\/05\/20140521_175804-300x128.jpg 300w\" sizes=\"(max-width: 474px) 100vw, 474px\" \/><\/a><\/p>\n<p>&#8211; weiter geht&#8217;s bei &#8222;Biscaya bis Spanien&#8220; &#8211;<\/p>\n","protected":false},"excerpt":{"rendered":"<p>4.Mai 2014 Am 1. Mai ging es nach langer Abschieds- und Geburtstagsfete an Bord, die bis in den fr\u00fchen Morgen ging, nach dem Fr\u00fchst\u00fcck los. Aber schon nach 2 Stunden kamen unsch\u00f6ne Ger\u00e4usche aus dem Motorraum. Maschine aus und untersucht. Es fehlten 12 Liter Motor\u00f6l. Wie konnte das sein? Erst einmal \u00d6l nachgegossen und gestartet. &hellip; <a href=\"http:\/\/ms-beatrice.de\/?page_id=130\" class=\"more-link\"><span class=\"screen-reader-text\">2 Nordsee und Englischer Kanal<\/span> weiterlesen <span class=\"meta-nav\">&rarr;<\/span><\/a><\/p>\n","protected":false},"author":1,"featured_media":0,"parent":0,"menu_order":0,"comment_status":"closed","ping_status":"closed","template":"","meta":[],"_links":{"self":[{"href":"http:\/\/ms-beatrice.de\/index.php?rest_route=\/wp\/v2\/pages\/130"}],"collection":[{"href":"http:\/\/ms-beatrice.de\/index.php?rest_route=\/wp\/v2\/pages"}],"about":[{"href":"http:\/\/ms-beatrice.de\/index.php?rest_route=\/wp\/v2\/types\/page"}],"author":[{"embeddable":true,"href":"http:\/\/ms-beatrice.de\/index.php?rest_route=\/wp\/v2\/users\/1"}],"replies":[{"embeddable":true,"href":"http:\/\/ms-beatrice.de\/index.php?rest_route=%2Fwp%2Fv2%2Fcomments&post=130"}],"version-history":[{"count":46,"href":"http:\/\/ms-beatrice.de\/index.php?rest_route=\/wp\/v2\/pages\/130\/revisions"}],"predecessor-version":[{"id":314,"href":"http:\/\/ms-beatrice.de\/index.php?rest_route=\/wp\/v2\/pages\/130\/revisions\/314"}],"wp:attachment":[{"href":"http:\/\/ms-beatrice.de\/index.php?rest_route=%2Fwp%2Fv2%2Fmedia&parent=130"}],"curies":[{"name":"wp","href":"https:\/\/api.w.org\/{rel}","templated":true}]}}