{"id":1086,"date":"2015-06-13T00:28:39","date_gmt":"2015-06-12T22:28:39","guid":{"rendered":"http:\/\/ms-beatrice.de\/?page_id=1086"},"modified":"2015-06-25T21:18:32","modified_gmt":"2015-06-25T19:18:32","slug":"9-stiefelsohle-italien","status":"publish","type":"page","link":"http:\/\/ms-beatrice.de\/?page_id=1086","title":{"rendered":"9 Kalabrien"},"content":{"rendered":"<p>12. Juni 2015<\/p>\n<p>Die Stra\u00dfe von Messina ist von Homer in der Odysee schon recht gut beschrieben. Wenn mich auch die Sirenen nicht bezirzen konnten &#8211; ich habe sie geh\u00f6rt. Aber man musste mich nicht an den Mast binden \ud83d\ude42<\/p>\n<p>Die Strudel gab es auch, nur hatten wir das Gl\u00fcck, bei Halbmond durch die Stra\u00dfe von Messina zu fahren, so da\u00df die Tide keinen gro\u00dfen Effekt machte. Und der Wind stand nicht gegen den Strom, der doch 2 Knoten ausmachte. Der unterschiedliche Salzgehalt zwischen den Meeren (das Jonische ist salziger) war das einzige, was den Strudel bewegte. Das hat uns wenig gejuckt. Aber die Strudel sind sehr deutlich bemerkbar. Bei Vollmond und Wind gegen Strom&#8230; m\u00f6chte ich nicht!<\/p>\n<p>In Reggio \u00a0di Calabria merkt man, dass die vielen Erdbeben und die vernachl\u00e4ssigende r\u00f6mische Politik und die mafiosen \u00a0Strukturen ihre Spuren hinterlassen haben. Die Menschen sind arm. Daf\u00fcr macht das St\u00f6bern auf den M\u00e4rkten bei diesen Preisen richtig Spass.<a href=\"http:\/\/ms-beatrice.de\/wp-content\/uploads\/2015\/06\/20150612_115750.jpg\"><img loading=\"lazy\" class=\"alignnone size-large wp-image-1087\" alt=\"20150612_115750\" src=\"http:\/\/ms-beatrice.de\/wp-content\/uploads\/2015\/06\/20150612_115750-1280x720.jpg\" width=\"604\" height=\"339\" srcset=\"http:\/\/ms-beatrice.de\/wp-content\/uploads\/2015\/06\/20150612_115750-1280x720.jpg 1280w, http:\/\/ms-beatrice.de\/wp-content\/uploads\/2015\/06\/20150612_115750-300x168.jpg 300w, http:\/\/ms-beatrice.de\/wp-content\/uploads\/2015\/06\/20150612_115750.jpg 2048w\" sizes=\"(max-width: 604px) 100vw, 604px\" \/><\/a><\/p>\n<p>Der Schwertfisch, der mich so begeistert, ist hier \u00fcberall zu finden. Im Supermarkt liegt so ein Exemplar von zweieinhalb Metern L\u00e4nge, zum Preis von 1.95 Euro je Kilo.\u00a0<a href=\"http:\/\/ms-beatrice.de\/wp-content\/uploads\/2015\/06\/20150612_130706.jpg\"><img loading=\"lazy\" class=\"alignnone size-large wp-image-1088\" alt=\"20150612_130706\" src=\"http:\/\/ms-beatrice.de\/wp-content\/uploads\/2015\/06\/20150612_130706-1280x720.jpg\" width=\"604\" height=\"339\" srcset=\"http:\/\/ms-beatrice.de\/wp-content\/uploads\/2015\/06\/20150612_130706-1280x720.jpg 1280w, http:\/\/ms-beatrice.de\/wp-content\/uploads\/2015\/06\/20150612_130706-300x168.jpg 300w, http:\/\/ms-beatrice.de\/wp-content\/uploads\/2015\/06\/20150612_130706.jpg 2048w\" sizes=\"(max-width: 604px) 100vw, 604px\" \/><\/a>Nur wenige\u00a0Menschen hier k\u00f6nnen das wohl bezahlen.<\/p>\n<p>Und noch etwas, was uns sehr bedr\u00fcckt: die vielen Fl\u00fcchtlinge aus Afrika.! Ich denke, zu Hause kriegt ihr das \u00fcberhaupt nicht richtig mit. Es sind unglaublich viele, die ihr Leben auf dem Meer riskieren.Wir sehen sie \u00fcberall. Hier zwei Fotos aus Reggio, mit ca. 300 Fl\u00fcchtlingen an Bord eines italienischen Kriegsschiffe.<\/p>\n<p><a href=\"http:\/\/ms-beatrice.de\/wp-content\/uploads\/2015\/06\/20150612_181259.jpg\"><img loading=\"lazy\" class=\"alignnone size-full wp-image-1092\" alt=\"20150612_181259\" src=\"http:\/\/ms-beatrice.de\/wp-content\/uploads\/2015\/06\/20150612_181259.jpg\" width=\"1227\" height=\"689\" srcset=\"http:\/\/ms-beatrice.de\/wp-content\/uploads\/2015\/06\/20150612_181259.jpg 1227w, http:\/\/ms-beatrice.de\/wp-content\/uploads\/2015\/06\/20150612_181259-300x168.jpg 300w\" sizes=\"(max-width: 1227px) 100vw, 1227px\" \/><\/a>sehr gespenstisch, \u00a0die Soldaten und Mediziner mit Schutzmasken , \u00a0die Fl\u00fcchtlinge, mit Gewehren bewacht und sp\u00e4ter, nach der medizinischen Betrachtung, in Gefangenentransportbussen weggefahren.<a href=\"http:\/\/ms-beatrice.de\/wp-content\/uploads\/2015\/06\/20150612_181303.jpg\"><img loading=\"lazy\" class=\"alignnone size-large wp-image-1093\" alt=\"20150612_181303\" src=\"http:\/\/ms-beatrice.de\/wp-content\/uploads\/2015\/06\/20150612_181303-1280x585.jpg\" width=\"604\" height=\"276\" srcset=\"http:\/\/ms-beatrice.de\/wp-content\/uploads\/2015\/06\/20150612_181303-1280x585.jpg 1280w, http:\/\/ms-beatrice.de\/wp-content\/uploads\/2015\/06\/20150612_181303-300x137.jpg 300w, http:\/\/ms-beatrice.de\/wp-content\/uploads\/2015\/06\/20150612_181303.jpg 1933w\" sizes=\"(max-width: 604px) 100vw, 604px\" \/><\/a><\/p>\n<p>Es tut sehr weh, und ich wollte den Fotoapparat nicht so drauf halten -ich habe mich gesch\u00e4mt. Ich lebe meinen Traum und hier sind M\u00e4nner, Frauen und Kinder, die versuchen, zu \u00fcberleben. Bisher mussten wir noch keinen aus dem Wasser herausfischen. Hoffentlich kommt es nicht dazu!<\/p>\n<p>Das ist die schlimme Realit\u00e4t.<\/p>\n<p>und diese Schiffe liegen \u00fcberall an der K\u00fcste verstreut.<a href=\"http:\/\/ms-beatrice.de\/wp-content\/uploads\/2015\/06\/20150615_104108.jpg\"><img loading=\"lazy\" class=\"alignnone size-large wp-image-1098\" alt=\"20150615_104108\" src=\"http:\/\/ms-beatrice.de\/wp-content\/uploads\/2015\/06\/20150615_104108-1280x720.jpg\" width=\"604\" height=\"339\" srcset=\"http:\/\/ms-beatrice.de\/wp-content\/uploads\/2015\/06\/20150615_104108-1280x720.jpg 1280w, http:\/\/ms-beatrice.de\/wp-content\/uploads\/2015\/06\/20150615_104108-300x168.jpg 300w, http:\/\/ms-beatrice.de\/wp-content\/uploads\/2015\/06\/20150615_104108.jpg 2048w\" sizes=\"(max-width: 604px) 100vw, 604px\" \/><\/a><\/p>\n<p>15. Juli 2015<\/p>\n<p>Gestern sind wir die 65 Seemeilen von Reggio di Calabria nach Rocella Ionica gefahren. In der Stra\u00dfe \u00a0von Messina ging es gegen den Wind nach S\u00fcden, au\u00dferhalb der Messinastra\u00dfe t\u00fcrmten sich die Wellen auf 3 Meter H\u00f6he.<\/p>\n<p>Als wir endlich in Rocella ankamen, meldete sich \u00fcber Funk der Hafen, der die Beatrice direkt ansprach (AIS macht m\u00f6glich, dort waren unsere Daten schon pr\u00e4sent). Wir wurden auf die einzig m\u00f6gliche Einfahrtgasse hingewiesen, alles andere ist versandet. Bei unserem Tiefgang k\u00f6nnen wir nur in einer 2 Meter breiten Spur einfahren, die wir als Ortsunkundige kaum treffen k\u00f6nnen. Also hat der Hafen jemanden auf der Mole postiert, der uns mit einem Funkger\u00e4t in der Hand eingewunken \u00a0hat. Puh , \u00a0das ist nervenaufreibend, hat aber geklappt. Musste \u00a0ja auch, denn der n\u00e4chste (anlaufbare) Hafen kommt erst in 55 Seemeilen.<\/p>\n<p>Hier ein Bild der Hafeneinfahrt mit Brandung in der Einfahrt.<a href=\"http:\/\/ms-beatrice.de\/wp-content\/uploads\/2015\/06\/20150615_103429.jpg\"><img loading=\"lazy\" class=\"alignnone size-large wp-image-1100\" alt=\"20150615_103429\" src=\"http:\/\/ms-beatrice.de\/wp-content\/uploads\/2015\/06\/20150615_103429-1280x720.jpg\" width=\"604\" height=\"339\" srcset=\"http:\/\/ms-beatrice.de\/wp-content\/uploads\/2015\/06\/20150615_103429-1280x720.jpg 1280w, http:\/\/ms-beatrice.de\/wp-content\/uploads\/2015\/06\/20150615_103429-300x168.jpg 300w, http:\/\/ms-beatrice.de\/wp-content\/uploads\/2015\/06\/20150615_103429.jpg 2048w\" sizes=\"(max-width: 604px) 100vw, 604px\" \/><\/a><\/p>\n<p>Sch\u00f6n ist es hier. Unendlich \u00a0lange Str\u00e4nde.<a href=\"http:\/\/ms-beatrice.de\/wp-content\/uploads\/2015\/06\/20150615_125840.jpg\"><img loading=\"lazy\" class=\"alignnone size-large wp-image-1101\" alt=\"20150615_125840\" src=\"http:\/\/ms-beatrice.de\/wp-content\/uploads\/2015\/06\/20150615_125840-1280x720.jpg\" width=\"604\" height=\"339\" srcset=\"http:\/\/ms-beatrice.de\/wp-content\/uploads\/2015\/06\/20150615_125840-1280x720.jpg 1280w, http:\/\/ms-beatrice.de\/wp-content\/uploads\/2015\/06\/20150615_125840-300x168.jpg 300w, http:\/\/ms-beatrice.de\/wp-content\/uploads\/2015\/06\/20150615_125840.jpg 2048w\" sizes=\"(max-width: 604px) 100vw, 604px\" \/><\/a><\/p>\n<p>Die Preise sind auch nicht mehr sizilianisch. \u00a0Die Menschen hier sind halt \u00e4rmer.<\/p>\n<p>Irgendwie habe ich hier schon das Gef\u00fchl von Griechenland. Im Altertum geh\u00f6rte dieser Landstrich ja auch zu Magna Graeca.<\/p>\n<p>16. Juni 2015<\/p>\n<p>Crotone . \u00a0Da sind wir heute gelandet. Es gibt keinen nicht versandeten Hafen an der kalabreser K\u00fcste von Rocella Ionica bis hier. Wundersch\u00f6nes Land, tolle K\u00fcsten, aber keine M\u00f6glichkeiten, anzulanden.<\/p>\n<p>Es war eine Fahrt von 70 Seemeilen, zwischendurch mit heftigen Winden, Sabine hatte Angst und musste beruhigt werden, dass die Beatrice mit den Wellen keine Probleme hat. Sie hat bis heute noch nicht ganz verstanden, dass solch ein Schiff \u00e4hnlich wie ein Korken immer wieder hochkommt. Aber das ist wohl auch weniger eine Verstandesfrage.<\/p>\n<p>Bis Griechenland, genauer Korfu, \u00a0sind es jetzt gerade noch 100 Seemeilen, oder 2 Fahrtage. Daf\u00fcr werden wir uns aber mehr als eine Woche Zeit lassen. Wir wollen doch nicht hetzen!<\/p>\n<p>19. Juni 2015<\/p>\n<p>Wir sind immer noch in Crotone. Heute waren wir im arch\u00e4ologischen Museum. Man kann kaum glauben, welche Zivilisation hier vor mehr als zweieinhalb tausend Jahren existierte.<\/p>\n<p><a href=\"http:\/\/ms-beatrice.de\/wp-content\/uploads\/2015\/06\/20150619_120513.jpg\"><img loading=\"lazy\" class=\"alignnone size-large wp-image-1107\" alt=\"20150619_120513\" src=\"http:\/\/ms-beatrice.de\/wp-content\/uploads\/2015\/06\/20150619_120513-1280x720.jpg\" width=\"604\" height=\"339\" srcset=\"http:\/\/ms-beatrice.de\/wp-content\/uploads\/2015\/06\/20150619_120513-1280x720.jpg 1280w, http:\/\/ms-beatrice.de\/wp-content\/uploads\/2015\/06\/20150619_120513-300x168.jpg 300w, http:\/\/ms-beatrice.de\/wp-content\/uploads\/2015\/06\/20150619_120513.jpg 2048w\" sizes=\"(max-width: 604px) 100vw, 604px\" \/><\/a>Pythagoras, der mit dem Satz des Pythagoras, lebte hier in Crotone.<\/p>\n<p>&#8230; und ein Sportler aus Crotone hat f\u00fcnf mal die olympischen Spiele gewonnen, \u00a0600 vor Christus.<a href=\"http:\/\/ms-beatrice.de\/wp-content\/uploads\/2015\/06\/20150619_120348.jpg\"><img loading=\"lazy\" class=\"alignnone size-large wp-image-1108\" alt=\"20150619_120348\" src=\"http:\/\/ms-beatrice.de\/wp-content\/uploads\/2015\/06\/20150619_120348-1280x720.jpg\" width=\"604\" height=\"339\" srcset=\"http:\/\/ms-beatrice.de\/wp-content\/uploads\/2015\/06\/20150619_120348-1280x720.jpg 1280w, http:\/\/ms-beatrice.de\/wp-content\/uploads\/2015\/06\/20150619_120348-300x168.jpg 300w, http:\/\/ms-beatrice.de\/wp-content\/uploads\/2015\/06\/20150619_120348.jpg 2048w\" sizes=\"(max-width: 604px) 100vw, 604px\" \/><\/a>und wenn ich durch die Stra\u00dfen gehe &#8230; irgendwie alles Altertum, und sch\u00f6n ist es hier.<a href=\"http:\/\/ms-beatrice.de\/wp-content\/uploads\/2015\/06\/20150619_130426.jpg\"><img loading=\"lazy\" class=\"alignnone size-large wp-image-1109\" alt=\"20150619_130426\" src=\"http:\/\/ms-beatrice.de\/wp-content\/uploads\/2015\/06\/20150619_130426-1280x720.jpg\" width=\"604\" height=\"339\" srcset=\"http:\/\/ms-beatrice.de\/wp-content\/uploads\/2015\/06\/20150619_130426-1280x720.jpg 1280w, http:\/\/ms-beatrice.de\/wp-content\/uploads\/2015\/06\/20150619_130426-300x168.jpg 300w, http:\/\/ms-beatrice.de\/wp-content\/uploads\/2015\/06\/20150619_130426.jpg 2048w\" sizes=\"(max-width: 604px) 100vw, 604px\" \/><\/a><\/p>\n<p>Mein Verhandeln \u00fcber die Liegeplatzkosten war auch erfolgreich, so dass wir es nicht eilig haben.<\/p>\n<p>20. Juni 2015<\/p>\n<p>Heute sind wir 20 Seemeilen \u00a0weiter gefahren, vorher haben wir zur Sicherheit noch einmal 250 Liter Diesel getankt. Der Ort, an dem wir jetzt sind heisst Ciro Marina. Der Hafen hat neue Wasser- und Stromanschl\u00fcsse an den Liegepl\u00e4tze erhalten, wie Rod Heikkel schreibt vor 2 Jahren, aber die funktionieren immer noch nicht. Das ist hier im S\u00fcden Italiens wohl normal. Vieles geht nicht.<\/p>\n<p>Sp\u00e4t in der Nacht kam noch ein Engl\u00e4nder an und konnte nicht sehen, wo er festmachen konnte. Mit der Taschenlampe habe ich ihn dann einweisen k\u00f6nnen. Es stellte sich dann heraus, dass er im falschen Hafen gelandet ist, er wollte nach Crotone. Auch so hatte er nicht den gro\u00dfen Durchblick!<a href=\"http:\/\/ms-beatrice.de\/wp-content\/uploads\/2015\/06\/20150620_222609.jpg\"><img loading=\"lazy\" class=\"alignnone size-large wp-image-1112\" alt=\"20150620_222609\" src=\"http:\/\/ms-beatrice.de\/wp-content\/uploads\/2015\/06\/20150620_222609-1280x409.jpg\" width=\"604\" height=\"192\" srcset=\"http:\/\/ms-beatrice.de\/wp-content\/uploads\/2015\/06\/20150620_222609-1280x409.jpg 1280w, http:\/\/ms-beatrice.de\/wp-content\/uploads\/2015\/06\/20150620_222609-300x96.jpg 300w, http:\/\/ms-beatrice.de\/wp-content\/uploads\/2015\/06\/20150620_222609.jpg 1993w\" sizes=\"(max-width: 604px) 100vw, 604px\" \/><\/a><\/p>\n<p>21. Juni 2015<\/p>\n<p>Heute morgen kam ein Einheimischer, Egidio, der sein Schiff neben der Beatrice liegen hat und mit dem wir gestern abend ein wenig kommuniziert haben, mit einem Blumenstrau\u00df und 3 Flaschen Wein vorbei und verabredete einen Besuch heute Abend, mit Pizza und ein paar Vorspeisen.<a href=\"http:\/\/ms-beatrice.de\/wp-content\/uploads\/2015\/06\/20150621_103215.jpg\"><img loading=\"lazy\" class=\"alignnone size-large wp-image-1113\" alt=\"20150621_103215\" src=\"http:\/\/ms-beatrice.de\/wp-content\/uploads\/2015\/06\/20150621_103215-1280x720.jpg\" width=\"604\" height=\"339\" srcset=\"http:\/\/ms-beatrice.de\/wp-content\/uploads\/2015\/06\/20150621_103215-1280x720.jpg 1280w, http:\/\/ms-beatrice.de\/wp-content\/uploads\/2015\/06\/20150621_103215-300x168.jpg 300w, http:\/\/ms-beatrice.de\/wp-content\/uploads\/2015\/06\/20150621_103215.jpg 2048w\" sizes=\"(max-width: 604px) 100vw, 604px\" \/><\/a><\/p>\n<p>Gastfreundschaft wird sehr gro\u00df geschrieben, und so wurde es ein sehr sch\u00f6ner Abend, bei dem dann auch neben dem leckeren Wein einige Gl\u00e4ser Sambuca geleert wurden. Die Marineros halfen kr\u00e4ftig mit :-).<a href=\"http:\/\/ms-beatrice.de\/wp-content\/uploads\/2015\/06\/20150621_220602.jpg\"><img loading=\"lazy\" class=\"alignnone size-large wp-image-1116\" alt=\"20150621_220602\" src=\"http:\/\/ms-beatrice.de\/wp-content\/uploads\/2015\/06\/20150621_220602-1280x720.jpg\" width=\"604\" height=\"339\" srcset=\"http:\/\/ms-beatrice.de\/wp-content\/uploads\/2015\/06\/20150621_220602-1280x720.jpg 1280w, http:\/\/ms-beatrice.de\/wp-content\/uploads\/2015\/06\/20150621_220602-300x168.jpg 300w, http:\/\/ms-beatrice.de\/wp-content\/uploads\/2015\/06\/20150621_220602.jpg 2048w\" sizes=\"(max-width: 604px) 100vw, 604px\" \/><\/a><\/p>\n<p>23. Juni 2015<\/p>\n<p>In der letzten Nacht sind 2 Fischer gesucht worden, deren Boot gesunken ist. Helikopter, K\u00fcstenwache, \u00a0aber auch die Bev\u00f6lkerung von Ciro Marina waren in Aktion. <a href=\"http:\/\/ms-beatrice.de\/wp-content\/uploads\/2015\/06\/SAM_2263.jpg\"><img loading=\"lazy\" class=\"alignnone size-large wp-image-1123\" alt=\"SAM_2263\" src=\"http:\/\/ms-beatrice.de\/wp-content\/uploads\/2015\/06\/SAM_2263-1280x853.jpg\" width=\"604\" height=\"402\" srcset=\"http:\/\/ms-beatrice.de\/wp-content\/uploads\/2015\/06\/SAM_2263-1280x853.jpg 1280w, http:\/\/ms-beatrice.de\/wp-content\/uploads\/2015\/06\/SAM_2263-300x200.jpg 300w\" sizes=\"(max-width: 604px) 100vw, 604px\" \/><\/a>Ob sie gefunden wurden, wissen wir nicht, denn wir sind schon weit vor sechs Uhr nach Sta. Maria di Leuca an der \u00e4u\u00dfersten Stiefelabsatzecke weitergesegelt, die letzte italienische Station vor dem griechischen Korfu.<\/p>\n<p>25. Juni 2015<\/p>\n<p>Hier in Sta. Maria di Leuca treffen Ionisches \u00a0und Adriatisches Meer zusammen. \u00a0Deshalb gibt es hier Str\u00f6mungen und Kabbelseen und auf der \u00e4u\u00dfersten Ecke die Kirche &#8222;am Ende der Welt&#8220;<a href=\"http:\/\/ms-beatrice.de\/wp-content\/uploads\/2015\/06\/SAM_2271.jpg\"><img loading=\"lazy\" class=\"alignnone size-large wp-image-1124\" alt=\"SAM_2271\" src=\"http:\/\/ms-beatrice.de\/wp-content\/uploads\/2015\/06\/SAM_2271-1280x853.jpg\" width=\"604\" height=\"402\" srcset=\"http:\/\/ms-beatrice.de\/wp-content\/uploads\/2015\/06\/SAM_2271-1280x853.jpg 1280w, http:\/\/ms-beatrice.de\/wp-content\/uploads\/2015\/06\/SAM_2271-300x200.jpg 300w\" sizes=\"(max-width: 604px) 100vw, 604px\" \/><\/a><a href=\"http:\/\/ms-beatrice.de\/wp-content\/uploads\/2015\/06\/20150625_170927.jpg\"><img loading=\"lazy\" class=\"alignnone size-large wp-image-1120\" alt=\"20150625_170927\" src=\"http:\/\/ms-beatrice.de\/wp-content\/uploads\/2015\/06\/20150625_170927-1280x720.jpg\" width=\"604\" height=\"339\" srcset=\"http:\/\/ms-beatrice.de\/wp-content\/uploads\/2015\/06\/20150625_170927-1280x720.jpg 1280w, http:\/\/ms-beatrice.de\/wp-content\/uploads\/2015\/06\/20150625_170927-300x168.jpg 300w, http:\/\/ms-beatrice.de\/wp-content\/uploads\/2015\/06\/20150625_170927.jpg 2048w\" sizes=\"(max-width: 604px) 100vw, 604px\" \/><\/a><\/p>\n<p>Hier steigen wir wieder runter zum Hafen.<\/p>\n<p><a href=\"http:\/\/ms-beatrice.de\/wp-content\/uploads\/2015\/06\/20150625_162327.jpg\"><img loading=\"lazy\" class=\"alignnone size-large wp-image-1121\" alt=\"20150625_162327\" src=\"http:\/\/ms-beatrice.de\/wp-content\/uploads\/2015\/06\/20150625_162327-1280x720.jpg\" width=\"604\" height=\"339\" srcset=\"http:\/\/ms-beatrice.de\/wp-content\/uploads\/2015\/06\/20150625_162327-1280x720.jpg 1280w, http:\/\/ms-beatrice.de\/wp-content\/uploads\/2015\/06\/20150625_162327-300x168.jpg 300w, http:\/\/ms-beatrice.de\/wp-content\/uploads\/2015\/06\/20150625_162327.jpg 2048w\" sizes=\"(max-width: 604px) 100vw, 604px\" \/><\/a>Rechts das Ionisches Meer, links vor der Mole die Adria.<\/p>\n","protected":false},"excerpt":{"rendered":"<p>12. Juni 2015 Die Stra\u00dfe von Messina ist von Homer in der Odysee schon recht gut beschrieben. Wenn mich auch die Sirenen nicht bezirzen konnten &#8211; ich habe sie geh\u00f6rt. Aber man musste mich nicht an den Mast binden \ud83d\ude42 Die Strudel gab es auch, nur hatten wir das Gl\u00fcck, bei Halbmond durch die Stra\u00dfe &hellip; <a href=\"http:\/\/ms-beatrice.de\/?page_id=1086\" class=\"more-link\"><span class=\"screen-reader-text\">9 Kalabrien<\/span> weiterlesen <span class=\"meta-nav\">&rarr;<\/span><\/a><\/p>\n","protected":false},"author":1,"featured_media":0,"parent":0,"menu_order":0,"comment_status":"open","ping_status":"closed","template":"","meta":[],"_links":{"self":[{"href":"http:\/\/ms-beatrice.de\/index.php?rest_route=\/wp\/v2\/pages\/1086"}],"collection":[{"href":"http:\/\/ms-beatrice.de\/index.php?rest_route=\/wp\/v2\/pages"}],"about":[{"href":"http:\/\/ms-beatrice.de\/index.php?rest_route=\/wp\/v2\/types\/page"}],"author":[{"embeddable":true,"href":"http:\/\/ms-beatrice.de\/index.php?rest_route=\/wp\/v2\/users\/1"}],"replies":[{"embeddable":true,"href":"http:\/\/ms-beatrice.de\/index.php?rest_route=%2Fwp%2Fv2%2Fcomments&post=1086"}],"version-history":[{"count":19,"href":"http:\/\/ms-beatrice.de\/index.php?rest_route=\/wp\/v2\/pages\/1086\/revisions"}],"predecessor-version":[{"id":1125,"href":"http:\/\/ms-beatrice.de\/index.php?rest_route=\/wp\/v2\/pages\/1086\/revisions\/1125"}],"wp:attachment":[{"href":"http:\/\/ms-beatrice.de\/index.php?rest_route=%2Fwp%2Fv2%2Fmedia&parent=1086"}],"curies":[{"name":"wp","href":"https:\/\/api.w.org\/{rel}","templated":true}]}}